{"id":55399,"date":"2022-06-29T10:05:42","date_gmt":"2022-06-29T10:05:42","guid":{"rendered":"https:\/\/holyart.gallery\/versandarten"},"modified":"2024-02-28T09:30:07","modified_gmt":"2024-02-28T09:30:07","slug":"versandarten","status":"publish","type":"page","link":"https:\/\/holyart.gallery\/en\/versandarten","title":{"rendered":"Versandarten"},"content":{"rendered":"<div class=\"wpb-content-wrapper\"><p>[vc_row css=&#8221;.vc_custom_1685520503928{padding-top: 45px !important;padding-bottom: 45px !important;}&#8221;][vc_column][vc_column_text]<\/p>\n<h1>Erfahre etwas \u00fcber die Versandkosten<\/h1>\n<p>Die Versandkosten sind pauschal f\u00fcr Postkarten und alle anderen Bilder festgelegt. Unabh\u00e4ngig von Gr\u00f6\u00dfe, Material und Lieferadresse wird hier derselbe Versandpreis berechnet.<\/p>\n<p>&nbsp;<\/p>\n<p>Gerne stehen meine Produkte auch zur kostenlosen Selbstabholung bereit.[\/vc_column_text][\/vc_column][\/vc_row]<\/p>\n<\/div>","protected":false},"excerpt":{"rendered":"<p>[vc_row css=&#8221;.vc_custom_1685520503928{padding-top: 45px !important;padding-bottom: 45px !important;}&#8221;][vc_column][vc_column_text] Erfahre etwas \u00fcber die Versandkosten Die Versandkosten sind pauschal f\u00fcr Postkarten und alle anderen Bilder festgelegt. Unabh\u00e4ngig von Gr\u00f6\u00dfe, Material und Lieferadresse wird hier derselbe Versandpreis berechnet. &nbsp; Gerne stehen meine Produkte auch zur kostenlosen Selbstabholung bereit.[\/vc_column_text][\/vc_column][\/vc_row]<\/p>\n","protected":false},"author":2,"featured_media":0,"parent":0,"menu_order":0,"comment_status":"closed","ping_status":"closed","template":"template-microsite.php","meta":{"footnotes":""},"class_list":["post-55399","page","type-page","status-publish","hentry","description-off"],"_links":{"self":[{"href":"https:\/\/holyart.gallery\/en\/wp-json\/wp\/v2\/pages\/55399","targetHints":{"allow":["GET"]}}],"collection":[{"href":"https:\/\/holyart.gallery\/en\/wp-json\/wp\/v2\/pages"}],"about":[{"href":"https:\/\/holyart.gallery\/en\/wp-json\/wp\/v2\/types\/page"}],"author":[{"embeddable":true,"href":"https:\/\/holyart.gallery\/en\/wp-json\/wp\/v2\/users\/2"}],"replies":[{"embeddable":true,"href":"https:\/\/holyart.gallery\/en\/wp-json\/wp\/v2\/comments?post=55399"}],"version-history":[{"count":1,"href":"https:\/\/holyart.gallery\/en\/wp-json\/wp\/v2\/pages\/55399\/revisions"}],"predecessor-version":[{"id":55402,"href":"https:\/\/holyart.gallery\/en\/wp-json\/wp\/v2\/pages\/55399\/revisions\/55402"}],"wp:attachment":[{"href":"https:\/\/holyart.gallery\/en\/wp-json\/wp\/v2\/media?parent=55399"}],"curies":[{"name":"wp","href":"https:\/\/api.w.org\/{rel}","templated":true}]}}